{"id":757,"date":"2019-03-31T21:57:10","date_gmt":"2019-04-01T01:57:10","guid":{"rendered":"http:\/\/localhost:8888\/a-propos\/"},"modified":"2025-02-28T16:31:28","modified_gmt":"2025-02-28T21:31:28","slug":"a-propos","status":"publish","type":"page","link":"https:\/\/1329hockey.com\/fr\/a-propos\/","title":{"rendered":"\u00c0 propos"},"content":{"rendered":"<p>[et_pb_section fb_built=\u00a0\u00bb1&Prime; _builder_version=\u00a0\u00bb3.21&Prime; background_color=\u00a0\u00bb#ce0e2d\u00a0\u00bb custom_padding=\u00a0\u00bb0|0px|0|0px|false|false\u00a0\u00bb global_module=\u00a0\u00bb701&Prime; global_colors_info=\u00a0\u00bb{}\u00a0\u00bb][et_pb_row make_equal=\u00a0\u00bbon\u00a0\u00bb _builder_version=\u00a0\u00bb4.16&Prime; custom_css_main_element=\u00a0\u00bbalign-items: center;\u00a0\u00bb global_colors_info=\u00a0\u00bb{}\u00a0\u00bb][et_pb_column type=\u00a0\u00bb4_4&Prime; _builder_version=\u00a0\u00bb4.16&Prime; custom_padding=\u00a0\u00bb|||\u00a0\u00bb global_colors_info=\u00a0\u00bb{}\u00a0\u00bb custom_padding__hover=\u00a0\u00bb|||\u00a0\u00bb][et_pb_post_title meta=\u00a0\u00bboff\u00a0\u00bb featured_image=\u00a0\u00bboff\u00a0\u00bb _builder_version=\u00a0\u00bb4.16&Prime; title_font=\u00a0\u00bbOswald|300||on|||||\u00a0\u00bb title_text_align=\u00a0\u00bbcenter\u00a0\u00bb title_text_color=\u00a0\u00bb#ffffff\u00a0\u00bb title_font_size=\u00a0\u00bb54px\u00a0\u00bb title_letter_spacing=\u00a0\u00bb8px\u00a0\u00bb global_colors_info=\u00a0\u00bb{}\u00a0\u00bb][\/et_pb_post_title][\/et_pb_column][\/et_pb_row][\/et_pb_section][et_pb_section fb_built=\u00a0\u00bb1&Prime; _builder_version=\u00a0\u00bb4.16&Prime; background_color=\u00a0\u00bb#000000&Prime; custom_padding=\u00a0\u00bb0|0|0|0px|false|false\u00a0\u00bb global_colors_info=\u00a0\u00bb{}\u00a0\u00bb][et_pb_row column_structure=\u00a0\u00bb3_5,2_5&Prime; make_equal=\u00a0\u00bbon\u00a0\u00bb _builder_version=\u00a0\u00bb4.16&Prime; background_size=\u00a0\u00bbinitial\u00a0\u00bb background_position=\u00a0\u00bbtop_left\u00a0\u00bb background_repeat=\u00a0\u00bbrepeat\u00a0\u00bb width=\u00a0\u00bb100%\u00a0\u00bb max_width=\u00a0\u00bb100%\u00a0\u00bb custom_padding=\u00a0\u00bb0|50px|0|50px|true|true\u00a0\u00bb custom_css_main_element=\u00a0\u00bbalign-items: center;\u00a0\u00bb use_custom_width=\u00a0\u00bbon\u00a0\u00bb width_unit=\u00a0\u00bboff\u00a0\u00bb custom_width_percent=\u00a0\u00bb100%\u00a0\u00bb global_colors_info=\u00a0\u00bb{}\u00a0\u00bb][et_pb_column type=\u00a0\u00bb3_5&Prime; _builder_version=\u00a0\u00bb4.16&Prime; custom_padding=\u00a0\u00bb|||\u00a0\u00bb global_colors_info=\u00a0\u00bb{}\u00a0\u00bb custom_padding__hover=\u00a0\u00bb|||\u00a0\u00bb][et_pb_text _builder_version=\u00a0\u00bb4.16&Prime; text_font=\u00a0\u00bb||||||||\u00a0\u00bb header_font=\u00a0\u00bbOswald|300||on|||||\u00a0\u00bb header_text_color=\u00a0\u00bb#ffffff\u00a0\u00bb header_font_size=\u00a0\u00bb40px\u00a0\u00bb header_letter_spacing=\u00a0\u00bb3px\u00a0\u00bb custom_margin=\u00a0\u00bb||10px\u00a0\u00bb custom_padding=\u00a0\u00bb||\u00a0\u00bb animation_style=\u00a0\u00bbslide\u00a0\u00bb animation_direction=\u00a0\u00bbleft\u00a0\u00bb global_colors_info=\u00a0\u00bb{}\u00a0\u00bb]<\/p>\n<h1>Caroline Ouellette<\/h1>\n<p>[\/et_pb_text][et_pb_divider divider_weight=\u00a0\u00bb6px\u00a0\u00bb _builder_version=\u00a0\u00bb4.16&Prime; custom_margin=\u00a0\u00bb||5px\u00a0\u00bb custom_padding=\u00a0\u00bb||\u00a0\u00bb animation_style=\u00a0\u00bbslide\u00a0\u00bb animation_direction=\u00a0\u00bbleft\u00a0\u00bb global_colors_info=\u00a0\u00bb{}\u00a0\u00bb]<br \/>\n[\/et_pb_divider][et_pb_text _builder_version=\u00a0\u00bb4.16&Prime; text_font=\u00a0\u00bbRoboto|300|||||||\u00a0\u00bb text_text_color=\u00a0\u00bb#a0a0a0&Prime; text_orientation=\u00a0\u00bbjustified\u00a0\u00bb animation_style=\u00a0\u00bbslide\u00a0\u00bb animation_direction=\u00a0\u00bbleft\u00a0\u00bb global_colors_info=\u00a0\u00bb{}\u00a0\u00bb]<\/p>\n<p>Caroline est une m\u00e9daill\u00e9e d&rsquo;or olympique \u00e0 quatre reprises. Elle a particip\u00e9 aux Jeux olympiques de 2002, 2006, 2010 et 2014 o\u00f9 elle a \u00e9t\u00e9 capitaine de son \u00e9quipe. Caroline a pris part \u00e0 douze Championnats du monde de l&rsquo;IIHF, remportant 6 m\u00e9dailles d&rsquo;or et 6 m\u00e9dailles d&rsquo;argent. Elle a \u00e9t\u00e9 membre des Canadiennes de Montr\u00e9al dans la CWHL de 2008 \u00e0 2018 et a remport\u00e9 la Coupe Clarkson en 2009, 2011, 2012 et 2017. Caroline a obtenu son dipl\u00f4me avec distinction de l&rsquo;Universit\u00e9 du Minnesota Duluth, avec une sp\u00e9cialisation en criminologie et \u00e9tudes f\u00e9ministes. Elle a remport\u00e9 deux titres nationaux dans la NCAA avec l\u2019UMD en 2003 en tant que joueuse et en 2008 en tant qu&rsquo;entra\u00eeneuse.<\/p>\n<p>En 2023, l&rsquo;h\u00e9ritage de Caroline a \u00e9t\u00e9 consolid\u00e9 par son intronisation au Temple de la renomm\u00e9e de l&rsquo;IIHF et au Temple de la renomm\u00e9e du hockey, la reconnaissant comme l&rsquo;une des meilleures joueuses de hockey de tous les temps. En plus de ses r\u00e9alisations personnelles, Caroline est d\u00e9vou\u00e9e \u00e0 faire progresser le sport pour les jeunes joueuses. Elle a fond\u00e9 la C\u00e9l\u00e9bration hockey f\u00e9minin Caroline Ouellette, une organisation \u00e0 but non-lucratif qui accueille chaque ann\u00e9e plus de 1500 joueuses de hockey \u00e2g\u00e9es de 5 \u00e0 15 ans. Caroline est entra\u00eeneuse adjointe de l&rsquo;\u00e9quipe nationale senior depuis 2017, ayant coach\u00e9 \u00e0 5 Championnats du monde de l&rsquo;IIHF, remportant 2 m\u00e9dailles d&rsquo;or. Elle est actuellement entra\u00eeneuse-chef associ\u00e9e des Stingers de Concordia et conseill\u00e8re pour La Victoire de Montr\u00e9al dans la LPHF, poursuivant ainsi son impact sur la prochaine g\u00e9n\u00e9ration de joueuses de hockey.<\/p>\n<p>[\/et_pb_text][\/et_pb_column][et_pb_column type=\u00a0\u00bb2_5&Prime; _builder_version=\u00a0\u00bb4.16&Prime; custom_padding=\u00a0\u00bb|||\u00a0\u00bb global_colors_info=\u00a0\u00bb{}\u00a0\u00bb custom_padding__hover=\u00a0\u00bb|||\u00a0\u00bb][et_pb_image src=\u00a0\u00bbhttps:\/\/1329hockey.com\/wp-content\/uploads\/2019\/07\/Caro-About.jpg\u00a0\u00bb align_tablet=\u00a0\u00bbcenter\u00a0\u00bb align_phone=\u00a0\u00bbcenter\u00a0\u00bb align_last_edited=\u00a0\u00bbon|desktop\u00a0\u00bb _builder_version=\u00a0\u00bb4.16&Prime; animation_style=\u00a0\u00bbslide\u00a0\u00bb animation_direction=\u00a0\u00bbleft\u00a0\u00bb global_colors_info=\u00a0\u00bb{}\u00a0\u00bb]<br \/>\n[\/et_pb_image][\/et_pb_column][\/et_pb_row][et_pb_row _builder_version=\u00a0\u00bb4.16&Prime; width=\u00a0\u00bb100%\u00a0\u00bb max_width=\u00a0\u00bb100%\u00a0\u00bb custom_margin=\u00a0\u00bb0px||0px||true\u00a0\u00bb custom_padding=\u00a0\u00bb0px||0px||true\u00a0\u00bb use_custom_width=\u00a0\u00bbon\u00a0\u00bb width_unit=\u00a0\u00bboff\u00a0\u00bb custom_width_percent=\u00a0\u00bb100%\u00a0\u00bb global_colors_info=\u00a0\u00bb{}\u00a0\u00bb][et_pb_column type=\u00a0\u00bb4_4&Prime; _builder_version=\u00a0\u00bb4.16&Prime; custom_padding=\u00a0\u00bb|||\u00a0\u00bb global_colors_info=\u00a0\u00bb{}\u00a0\u00bb custom_padding__hover=\u00a0\u00bb|||\u00a0\u00bb][et_pb_divider color=\u00a0\u00bb#ffffff\u00a0\u00bb _builder_version=\u00a0\u00bb4.16&Prime; custom_margin=\u00a0\u00bb0px||0px|0px|true\u00a0\u00bb custom_padding=\u00a0\u00bb0px||0px\u00a0\u00bb global_colors_info=\u00a0\u00bb{}\u00a0\u00bb]<br \/>\n[\/et_pb_divider][\/et_pb_column][\/et_pb_row][et_pb_row column_structure=\u00a0\u00bb2_5,3_5&Prime; make_equal=\u00a0\u00bbon\u00a0\u00bb disabled_on=\u00a0\u00bbon|on|off\u00a0\u00bb _builder_version=\u00a0\u00bb4.16&Prime; background_size=\u00a0\u00bbinitial\u00a0\u00bb background_position=\u00a0\u00bbtop_left\u00a0\u00bb background_repeat=\u00a0\u00bbrepeat\u00a0\u00bb width=\u00a0\u00bb100%\u00a0\u00bb max_width=\u00a0\u00bb100%\u00a0\u00bb custom_padding=\u00a0\u00bb0|50px|0|50px|true|true\u00a0\u00bb custom_css_main_element=\u00a0\u00bbalign-items:center;\u00a0\u00bb use_custom_width=\u00a0\u00bbon\u00a0\u00bb width_unit=\u00a0\u00bboff\u00a0\u00bb custom_width_percent=\u00a0\u00bb100%\u00a0\u00bb global_colors_info=\u00a0\u00bb{}\u00a0\u00bb][et_pb_column type=\u00a0\u00bb2_5&Prime; _builder_version=\u00a0\u00bb4.16&Prime; custom_padding=\u00a0\u00bb|||\u00a0\u00bb global_colors_info=\u00a0\u00bb{}\u00a0\u00bb custom_padding__hover=\u00a0\u00bb|||\u00a0\u00bb][et_pb_image src=\u00a0\u00bbhttps:\/\/1329hockey.com\/wp-content\/uploads\/Poulin-4-medailles.jpg\u00a0\u00bb title_text=\u00a0\u00bbPoulin 4 medailles\u00a0\u00bb align_tablet=\u00a0\u00bbcenter\u00a0\u00bb align_phone=\u00a0\u00bbcenter\u00a0\u00bb align_last_edited=\u00a0\u00bbon|desktop\u00a0\u00bb _builder_version=\u00a0\u00bb4.25.0&Prime; animation_style=\u00a0\u00bbslide\u00a0\u00bb animation_direction=\u00a0\u00bbright\u00a0\u00bb global_colors_info=\u00a0\u00bb{}\u00a0\u00bb]<br \/>\n[\/et_pb_image][\/et_pb_column][et_pb_column type=\u00a0\u00bb3_5&Prime; _builder_version=\u00a0\u00bb4.16&Prime; custom_padding=\u00a0\u00bb|||\u00a0\u00bb global_colors_info=\u00a0\u00bb{}\u00a0\u00bb custom_padding__hover=\u00a0\u00bb|||\u00a0\u00bb][et_pb_text _builder_version=\u00a0\u00bb4.16&Prime; text_font=\u00a0\u00bb||||||||\u00a0\u00bb header_font=\u00a0\u00bbOswald|300||on|||||\u00a0\u00bb header_text_color=\u00a0\u00bb#ffffff\u00a0\u00bb header_font_size=\u00a0\u00bb40px\u00a0\u00bb header_letter_spacing=\u00a0\u00bb3px\u00a0\u00bb custom_margin=\u00a0\u00bb||10px\u00a0\u00bb custom_padding=\u00a0\u00bb||\u00a0\u00bb animation_style=\u00a0\u00bbslide\u00a0\u00bb animation_direction=\u00a0\u00bbright\u00a0\u00bb global_colors_info=\u00a0\u00bb{}\u00a0\u00bb]<\/p>\n<h1>Marie-Philip Poulin<\/h1>\n<p>[\/et_pb_text][et_pb_divider divider_weight=\u00a0\u00bb6px\u00a0\u00bb _builder_version=\u00a0\u00bb4.16&Prime; custom_margin=\u00a0\u00bb||5px\u00a0\u00bb custom_padding=\u00a0\u00bb||\u00a0\u00bb animation_style=\u00a0\u00bbslide\u00a0\u00bb animation_direction=\u00a0\u00bbright\u00a0\u00bb global_colors_info=\u00a0\u00bb{}\u00a0\u00bb]<br \/>\n[\/et_pb_divider][et_pb_text _builder_version=\u00a0\u00bb4.25.0&Prime; text_font=\u00a0\u00bbRoboto|300|||||||\u00a0\u00bb text_text_color=\u00a0\u00bb#a0a0a0&Prime; text_orientation=\u00a0\u00bbjustified\u00a0\u00bb animation_style=\u00a0\u00bbslide\u00a0\u00bb animation_direction=\u00a0\u00bbright\u00a0\u00bb global_colors_info=\u00a0\u00bb{}\u00a0\u00bb]<\/p>\n<p>Marie-Philip est une m\u00e9daill\u00e9e olympique \u00e0 quatre reprises (3 en or et 1 en argent). Elle a particip\u00e9 aux Jeux Olympiques d&rsquo;hiver de 2010, 2014, 2018 et 2022. Elle est la capitaine de l\u2019\u00e9quipe nationale f\u00e9minine du Canada depuis la saison 2014-2015. Marie-Philip a pris part \u00e0 12 Championnats du monde de l&rsquo;IIHF, remportant 4 m\u00e9dailles d&rsquo;or, 7 d&rsquo;argent et 1 de bronze. Elle a \u00e9t\u00e9 membre des Canadiennes de Montr\u00e9al dans la CWHL et a remport\u00e9 la Coupe Clarkson en 2009 et 2017. Marie-Philip a re\u00e7u le troph\u00e9e Jayne Hefford en tant que MVP de la ligue et a remport\u00e9 le Angela James Bowl trois fois dans la CWHL, en tant que meilleure marqueuse. Marie-Philip a obtenu son dipl\u00f4me en psychologie de l&rsquo;Universit\u00e9 de Boston en 2015. Elle a pris part trois fois au Frozen Four de la NCAA au cours de sa carri\u00e8re universitaire et a \u00e9t\u00e9 finaliste deux fois du prix Patty Kazmaier. Marie-Philip est la premi\u00e8re joueuse de hockey f\u00e9minin \u00e0 remporter le prix Northern Star en tant que meilleure athl\u00e8te de l&rsquo;ann\u00e9e au Canada et la deuxi\u00e8me \u00e0 recevoir le prix Bobbie Rosenfeld en tant qu&rsquo;athl\u00e8te f\u00e9minine de l&rsquo;ann\u00e9e selon The Canadian Press. Poulin a \u00e9t\u00e9 nomm\u00e9e chevali\u00e8re de l&rsquo;Ordre national du Qu\u00e9bec en 2024. Marie-Philip est actuellement consultante au d\u00e9veloppement des joueurs avec le Canadiens de Montr\u00e9al.<\/p>\n<p>[\/et_pb_text][\/et_pb_column][\/et_pb_row][et_pb_row column_structure=\u00a0\u00bb3_5,2_5&Prime; make_equal=\u00a0\u00bbon\u00a0\u00bb disabled_on=\u00a0\u00bboff|off|on\u00a0\u00bb _builder_version=\u00a0\u00bb4.16&Prime; background_size=\u00a0\u00bbinitial\u00a0\u00bb background_position=\u00a0\u00bbtop_left\u00a0\u00bb background_repeat=\u00a0\u00bbrepeat\u00a0\u00bb width=\u00a0\u00bb100%\u00a0\u00bb max_width=\u00a0\u00bb100%\u00a0\u00bb custom_padding=\u00a0\u00bb0|50px|0|50px|true|true\u00a0\u00bb custom_css_main_element=\u00a0\u00bbalign-items:center;\u00a0\u00bb use_custom_width=\u00a0\u00bbon\u00a0\u00bb width_unit=\u00a0\u00bboff\u00a0\u00bb custom_width_percent=\u00a0\u00bb100%\u00a0\u00bb global_colors_info=\u00a0\u00bb{}\u00a0\u00bb][et_pb_column type=\u00a0\u00bb3_5&Prime; _builder_version=\u00a0\u00bb4.16&Prime; custom_padding=\u00a0\u00bb|||\u00a0\u00bb global_colors_info=\u00a0\u00bb{}\u00a0\u00bb custom_padding__hover=\u00a0\u00bb|||\u00a0\u00bb][et_pb_text _builder_version=\u00a0\u00bb4.16&Prime; text_font=\u00a0\u00bb||||||||\u00a0\u00bb header_font=\u00a0\u00bbOswald|300||on|||||\u00a0\u00bb header_text_color=\u00a0\u00bb#ffffff\u00a0\u00bb header_font_size=\u00a0\u00bb40px\u00a0\u00bb header_letter_spacing=\u00a0\u00bb3px\u00a0\u00bb custom_margin=\u00a0\u00bb||10px\u00a0\u00bb custom_padding=\u00a0\u00bb||\u00a0\u00bb animation_style=\u00a0\u00bbslide\u00a0\u00bb animation_direction=\u00a0\u00bbright\u00a0\u00bb global_colors_info=\u00a0\u00bb{}\u00a0\u00bb]<\/p>\n<h1>Marie-Philip Poulin<\/h1>\n<p>[\/et_pb_text][et_pb_divider divider_weight=\u00a0\u00bb6px\u00a0\u00bb _builder_version=\u00a0\u00bb4.16&Prime; custom_margin=\u00a0\u00bb||5px\u00a0\u00bb custom_padding=\u00a0\u00bb||\u00a0\u00bb animation_style=\u00a0\u00bbslide\u00a0\u00bb animation_direction=\u00a0\u00bbright\u00a0\u00bb global_colors_info=\u00a0\u00bb{}\u00a0\u00bb]<br \/>\n[\/et_pb_divider][et_pb_text _builder_version=\u00a0\u00bb4.25.0&Prime; text_font=\u00a0\u00bbRoboto|300|||||||\u00a0\u00bb text_text_color=\u00a0\u00bb#a0a0a0&Prime; text_orientation=\u00a0\u00bbjustified\u00a0\u00bb animation_style=\u00a0\u00bbslide\u00a0\u00bb animation_direction=\u00a0\u00bbright\u00a0\u00bb global_colors_info=\u00a0\u00bb{}\u00a0\u00bb]<\/p>\n<p>Marie-Philip est une m\u00e9daill\u00e9e olympique \u00e0 quatre reprises (3 en or et 1 en argent). Elle a particip\u00e9 aux Jeux Olympiques d&rsquo;hiver de 2010, 2014, 2018 et 2022. Elle est la capitaine de l\u2019\u00e9quipe nationale f\u00e9minine du Canada depuis la saison 2014-2015. Marie-Philip a pris part \u00e0 12 Championnats du monde de l&rsquo;IIHF, remportant 4 m\u00e9dailles d&rsquo;or, 7 d&rsquo;argent et 1 de bronze. Elle a \u00e9t\u00e9 membre des Canadiennes de Montr\u00e9al dans la CWHL et a remport\u00e9 la Coupe Clarkson en 2009 et 2017. Marie-Philip a re\u00e7u le troph\u00e9e Jayne Hefford en tant que MVP de la ligue et a remport\u00e9 le Angela James Bowl trois fois dans la CWHL, en tant que meilleure marqueuse.<br \/>Marie-Philip a obtenu son dipl\u00f4me en psychologie de l&rsquo;Universit\u00e9 de Boston en 2015. Elle a pris part trois fois au Frozen Four de la NCAA au cours de sa carri\u00e8re universitaire et a \u00e9t\u00e9 finaliste deux fois du prix Patty Kazmaier.<br \/>Marie-Philip est la premi\u00e8re joueuse de hockey f\u00e9minin \u00e0 remporter le prix Northern Star en tant que meilleure athl\u00e8te de l&rsquo;ann\u00e9e au Canada et la deuxi\u00e8me \u00e0 recevoir le prix Bobbie Rosenfeld en tant qu&rsquo;athl\u00e8te f\u00e9minine de l&rsquo;ann\u00e9e selon The Canadian Press. Poulin a \u00e9t\u00e9 nomm\u00e9e chevali\u00e8re de l&rsquo;Ordre national du Qu\u00e9bec en 2024. Marie-Philip est actuellement consultante au d\u00e9veloppement des joueurs avec le Canadiens de Montr\u00e9al.<\/p>\n<p>[\/et_pb_text][\/et_pb_column][et_pb_column type=\u00a0\u00bb2_5&Prime; _builder_version=\u00a0\u00bb4.16&Prime; custom_padding=\u00a0\u00bb|||\u00a0\u00bb global_colors_info=\u00a0\u00bb{}\u00a0\u00bb custom_padding__hover=\u00a0\u00bb|||\u00a0\u00bb][et_pb_image src=\u00a0\u00bbhttps:\/\/1329hockey.com\/wp-content\/uploads\/Poulin-4-medailles.jpg\u00a0\u00bb align_tablet=\u00a0\u00bbcenter\u00a0\u00bb align_phone=\u00a0\u00bbcenter\u00a0\u00bb align_last_edited=\u00a0\u00bbon|desktop\u00a0\u00bb _builder_version=\u00a0\u00bb4.25.0&Prime; animation_style=\u00a0\u00bbslide\u00a0\u00bb animation_direction=\u00a0\u00bbright\u00a0\u00bb hover_enabled=\u00a0\u00bb0&Prime; global_colors_info=\u00a0\u00bb{}\u00a0\u00bb title_text=\u00a0\u00bbPoulin 4 medailles\u00a0\u00bb sticky_enabled=\u00a0\u00bb0&Prime;]<br \/>\n[\/et_pb_image][\/et_pb_column][\/et_pb_row][\/et_pb_section]<\/p>\n","protected":false},"excerpt":{"rendered":"<p>Caroline Ouellette Caroline est une m\u00e9daill\u00e9e d&rsquo;or olympique \u00e0 quatre reprises. Elle a particip\u00e9 aux Jeux olympiques de 2002, 2006, 2010 et 2014 o\u00f9 elle a \u00e9t\u00e9 capitaine de son \u00e9quipe. Caroline a pris part \u00e0 douze Championnats du monde de l&rsquo;IIHF, remportant 6 m\u00e9dailles d&rsquo;or et 6 m\u00e9dailles d&rsquo;argent. Elle a \u00e9t\u00e9 membre des [&hellip;]<\/p>\n","protected":false},"author":1,"featured_media":0,"parent":0,"menu_order":0,"comment_status":"closed","ping_status":"closed","template":"","meta":{"_et_pb_use_builder":"on","_et_pb_old_content":"","_et_gb_content_width":"","footnotes":""},"class_list":["post-757","page","type-page","status-publish","hentry"],"_links":{"self":[{"href":"https:\/\/1329hockey.com\/fr\/wp-json\/wp\/v2\/pages\/757","targetHints":{"allow":["GET"]}}],"collection":[{"href":"https:\/\/1329hockey.com\/fr\/wp-json\/wp\/v2\/pages"}],"about":[{"href":"https:\/\/1329hockey.com\/fr\/wp-json\/wp\/v2\/types\/page"}],"author":[{"embeddable":true,"href":"https:\/\/1329hockey.com\/fr\/wp-json\/wp\/v2\/users\/1"}],"replies":[{"embeddable":true,"href":"https:\/\/1329hockey.com\/fr\/wp-json\/wp\/v2\/comments?post=757"}],"version-history":[{"count":12,"href":"https:\/\/1329hockey.com\/fr\/wp-json\/wp\/v2\/pages\/757\/revisions"}],"predecessor-version":[{"id":5716,"href":"https:\/\/1329hockey.com\/fr\/wp-json\/wp\/v2\/pages\/757\/revisions\/5716"}],"wp:attachment":[{"href":"https:\/\/1329hockey.com\/fr\/wp-json\/wp\/v2\/media?parent=757"}],"curies":[{"name":"wp","href":"https:\/\/api.w.org\/{rel}","templated":true}]}}